{"id":24,"date":"2014-09-21T22:16:09","date_gmt":"2014-09-21T22:16:09","guid":{"rendered":"https:\/\/merlin.yfx.de\/?page_id=13"},"modified":"2017-02-23T14:06:24","modified_gmt":"2017-02-23T14:06:24","slug":"galerie","status":"publish","type":"page","link":"https:\/\/merlin.yfx.de\/marokko2014\/?page_id=24","title":{"rendered":"Galerien"},"content":{"rendered":"<ul>\n<li><a href=\"https:\/\/merlin.yfx.de\/marokko2014\/?page_id=30\">Erste Impressionen<\/a><\/li>\n<li><a href=\"https:\/\/merlin.yfx.de\/marokko2014\/?page_id=32\">2. Etappe<\/a><\/li>\n<li><a href=\"https:\/\/merlin.yfx.de\/marokko2014\/?page_id=34\">Mittlerer Atlas und Ziz Tal<\/a><\/li>\n<li><a href=\"https:\/\/merlin.yfx.de\/marokko2014\/?page_id=36\">Rissani und Erg Chebbi<\/a><\/li>\n<li><a href=\"https:\/\/merlin.yfx.de\/marokko2014\/?page_id=239\">Haven La Chance Desert Hotel<\/a><\/li>\n<li><a href=\"https:\/\/merlin.yfx.de\/marokko2014\/?page_id=265\">Oaseng\u00e4rten<\/a><\/li>\n<li><a href=\"https:\/\/merlin.yfx.de\/marokko2014\/?page_id=305\">Tinerhir und Todraschlucht<\/a><\/li>\n<li><a href=\"https:\/\/merlin.yfx.de\/marokko2014\/?page_id=313\">Dad\u0117stal<\/a><\/li>\n<li><a href=\"https:\/\/merlin.yfx.de\/marokko2014\/?page_id=415\">Kasbah Ca\u00efd Ali<\/a><\/li>\n<li><a href=\"https:\/\/merlin.yfx.de\/marokko2014\/?page_id=451\">Ksar Tamnougalt<\/a><\/li>\n<li><a href=\"https:\/\/merlin.yfx.de\/marokko2014\/?page_id=493\">Dattelernte in Amezrou<\/a><\/li>\n<li><a href=\"https:\/\/merlin.yfx.de\/marokko2014\/?page_id=498\">Wochenmarkt in Zagora<\/a><\/li>\n<li><a href=\"https:\/\/merlin.yfx.de\/marokko2014\/?page_id=581\">A\u00eft Benhaddou<\/a><\/li>\n<li><a href=\"https:\/\/merlin.yfx.de\/marokko2014\/?page_id=583\">Kasbah Ellouze &#8211; Tamdakhte<\/a><\/li>\n<li><a href=\"https:\/\/merlin.yfx.de\/marokko2014\/?page_id=677\">El Jadida<\/a><\/li>\n<li><a href=\"https:\/\/merlin.yfx.de\/marokko2014\/?page_id=679\">Graffiti in Azemour<\/a><\/li>\n<li><a href=\"https:\/\/merlin.yfx.de\/marokko2014\/?page_id=681\">Chefchaouen<\/a><\/li>\n<\/ul>\n","protected":false},"excerpt":{"rendered":"<p>Erste Impressionen 2. Etappe Mittlerer Atlas und Ziz Tal Rissani und Erg Chebbi Haven La Chance Desert Hotel Oaseng\u00e4rten Tinerhir und Todraschlucht Dad\u0117stal Kasbah Ca\u00efd Ali Ksar Tamnougalt Dattelernte in Amezrou Wochenmarkt in Zagora A\u00eft Benhaddou Kasbah Ellouze &#8211; Tamdakhte El Jadida Graffiti in Azemour Chefchaouen<\/p>\n","protected":false},"author":2,"featured_media":0,"parent":0,"menu_order":3,"comment_status":"closed","ping_status":"closed","template":"","meta":{"pgc_sgb_lightbox_settings":"","footnotes":""},"class_list":["post-24","page","type-page","status-publish","hentry"],"_links":{"self":[{"href":"https:\/\/merlin.yfx.de\/marokko2014\/index.php?rest_route=\/wp\/v2\/pages\/24","targetHints":{"allow":["GET"]}}],"collection":[{"href":"https:\/\/merlin.yfx.de\/marokko2014\/index.php?rest_route=\/wp\/v2\/pages"}],"about":[{"href":"https:\/\/merlin.yfx.de\/marokko2014\/index.php?rest_route=\/wp\/v2\/types\/page"}],"author":[{"embeddable":true,"href":"https:\/\/merlin.yfx.de\/marokko2014\/index.php?rest_route=\/wp\/v2\/users\/2"}],"replies":[{"embeddable":true,"href":"https:\/\/merlin.yfx.de\/marokko2014\/index.php?rest_route=%2Fwp%2Fv2%2Fcomments&post=24"}],"version-history":[{"count":6,"href":"https:\/\/merlin.yfx.de\/marokko2014\/index.php?rest_route=\/wp\/v2\/pages\/24\/revisions"}],"predecessor-version":[{"id":706,"href":"https:\/\/merlin.yfx.de\/marokko2014\/index.php?rest_route=\/wp\/v2\/pages\/24\/revisions\/706"}],"wp:attachment":[{"href":"https:\/\/merlin.yfx.de\/marokko2014\/index.php?rest_route=%2Fwp%2Fv2%2Fmedia&parent=24"}],"curies":[{"name":"wp","href":"https:\/\/api.w.org\/{rel}","templated":true}]}}