{"id":23,"date":"2017-02-22T22:59:59","date_gmt":"2017-02-22T22:59:59","guid":{"rendered":"https:\/\/merlin.yfx.de\/marokko2017\/?page_id=23"},"modified":"2017-04-22T21:56:15","modified_gmt":"2017-04-22T21:56:15","slug":"galerien","status":"publish","type":"page","link":"https:\/\/merlin.yfx.de\/marokko2017\/?page_id=23","title":{"rendered":"Galerien"},"content":{"rendered":"<ul>\n<li><a href=\"https:\/\/merlin.yfx.de\/marokko2017\/?page_id=34\">Moulay Bousselham<\/a><\/li>\n<li><a href=\"https:\/\/merlin.yfx.de\/marokko2017\/?page_id=128\">Grafitti<\/a><\/li>\n<li><a href=\"https:\/\/merlin.yfx.de\/marokko2017\/?page_id=174\">Essaouira<\/a><\/li>\n<li><a href=\"https:\/\/merlin.yfx.de\/marokko2017\/?page_id=218\">Immouzer Cascades<\/a><\/li>\n<li><a href=\"https:\/\/merlin.yfx.de\/marokko2017\/?page_id=221\">Paradies Valley<\/a><\/li>\n<li><a href=\"https:\/\/merlin.yfx.de\/marokko2017\/?page_id=314\">Flora des Antiatlas<\/a><\/li>\n<li><a href=\"https:\/\/merlin.yfx.de\/marokko2017\/?page_id=316\">Painted Rocks<\/a><\/li>\n<li><a href=\"https:\/\/merlin.yfx.de\/marokko2017\/?page_id=499\">Kamelmarkt in Guelmin<\/a><\/li>\n<li><a href=\"https:\/\/merlin.yfx.de\/marokko2017\/?page_id=508\">W\u00fcstenfort Bou Jerif<\/a><\/li>\n<li><a href=\"https:\/\/merlin.yfx.de\/marokko2017\/?page_id=722\">W\u00fcstenbegegnungen<\/a><\/li>\n<li><a href=\"https:\/\/merlin.yfx.de\/marokko2017\/?page_id=857\">Die Oase von Mhamid<\/a><\/li>\n<li><a href=\"https:\/\/merlin.yfx.de\/marokko2017\/?page_id=880\">Souk der Frauen in Mhamid<\/a><\/li>\n<li><a href=\"https:\/\/merlin.yfx.de\/marokko2017\/?page_id=976\">W\u00fcstenimpressionen<\/a><\/li>\n<li><a href=\"https:\/\/merlin.yfx.de\/marokko2017\/?page_id=978\">Die Oaseng\u00e4rten von Asslim<\/a><\/li>\n<li><a href=\"https:\/\/merlin.yfx.de\/marokko2017\/?page_id=980\">Der Felsagadir von Ifri<\/a><\/li>\n<li><a href=\"https:\/\/merlin.yfx.de\/marokko2017\/?page_id=1162\">\u00dcber den Hohen Atlas<\/a><\/li>\n<li><a href=\"https:\/\/merlin.yfx.de\/marokko2017\/?page_id=1167\">Die Wasserf\u00e4lle von Ouzoud<\/a><\/li>\n<\/ul>\n","protected":false},"excerpt":{"rendered":"<p>Moulay Bousselham Grafitti Essaouira Immouzer Cascades Paradies Valley Flora des Antiatlas Painted Rocks Kamelmarkt in Guelmin W\u00fcstenfort Bou Jerif W\u00fcstenbegegnungen Die Oase von Mhamid Souk der Frauen in Mhamid W\u00fcstenimpressionen Die Oaseng\u00e4rten von Asslim Der Felsagadir von Ifri \u00dcber den Hohen Atlas Die Wasserf\u00e4lle von Ouzoud<\/p>\n","protected":false},"author":2,"featured_media":0,"parent":0,"menu_order":0,"comment_status":"closed","ping_status":"closed","template":"","meta":{"pgc_sgb_lightbox_settings":"","footnotes":""},"class_list":["post-23","page","type-page","status-publish","hentry"],"_links":{"self":[{"href":"https:\/\/merlin.yfx.de\/marokko2017\/index.php?rest_route=\/wp\/v2\/pages\/23","targetHints":{"allow":["GET"]}}],"collection":[{"href":"https:\/\/merlin.yfx.de\/marokko2017\/index.php?rest_route=\/wp\/v2\/pages"}],"about":[{"href":"https:\/\/merlin.yfx.de\/marokko2017\/index.php?rest_route=\/wp\/v2\/types\/page"}],"author":[{"embeddable":true,"href":"https:\/\/merlin.yfx.de\/marokko2017\/index.php?rest_route=\/wp\/v2\/users\/2"}],"replies":[{"embeddable":true,"href":"https:\/\/merlin.yfx.de\/marokko2017\/index.php?rest_route=%2Fwp%2Fv2%2Fcomments&post=23"}],"version-history":[{"count":23,"href":"https:\/\/merlin.yfx.de\/marokko2017\/index.php?rest_route=\/wp\/v2\/pages\/23\/revisions"}],"predecessor-version":[{"id":1169,"href":"https:\/\/merlin.yfx.de\/marokko2017\/index.php?rest_route=\/wp\/v2\/pages\/23\/revisions\/1169"}],"wp:attachment":[{"href":"https:\/\/merlin.yfx.de\/marokko2017\/index.php?rest_route=%2Fwp%2Fv2%2Fmedia&parent=23"}],"curies":[{"name":"wp","href":"https:\/\/api.w.org\/{rel}","templated":true}]}}