{"id":2,"date":"2025-03-03T18:55:40","date_gmt":"2025-03-03T17:55:40","guid":{"rendered":"https:\/\/merlin.yfx.de\/marokko2025\/?page_id=2"},"modified":"2025-03-05T21:11:39","modified_gmt":"2025-03-05T20:11:39","slug":"beispiel-seite","status":"publish","type":"page","link":"https:\/\/merlin.yfx.de\/marokko2025\/","title":{"rendered":"Marokko Fr\u00fchling 2025"},"content":{"rendered":"<p>Nachdem im Jahr 2020 bei unserer letzten Marokkoreise das Festival wegen Corona ausfallen mu\u00dfte wollen wir es dieses Jahr noch einmal versuchen&#8230;<\/p>\n<p><a href=\"http:\/\/www.nomadsfestival.org\"><img loading=\"lazy\" decoding=\"async\" class=\"brand-img img-fluid jetpack-lazy-image jetpack-lazy-image--handled aligncenter\" src=\"https:\/\/i0.wp.com\/www.nomadsfestival.org\/wp-content\/uploads\/2021\/04\/Logo-Nomades-Grenat-vector2-bleu.png?fit=574%2C600&amp;ssl=1\" sizes=\"auto, (max-width: 574px) 100vw, 574px\" srcset=\"https:\/\/i0.wp.com\/www.nomadsfestival.org\/wp-content\/uploads\/2021\/04\/Logo-Nomades-Grenat-vector2-bleu.png?w=2407&amp;ssl=1 2407w, https:\/\/i0.wp.com\/www.nomadsfestival.org\/wp-content\/uploads\/2021\/04\/Logo-Nomades-Grenat-vector2-bleu.png?resize=287%2C300&amp;ssl=1 287w, https:\/\/i0.wp.com\/www.nomadsfestival.org\/wp-content\/uploads\/2021\/04\/Logo-Nomades-Grenat-vector2-bleu.png?resize=768%2C802&amp;ssl=1 768w, https:\/\/i0.wp.com\/www.nomadsfestival.org\/wp-content\/uploads\/2021\/04\/Logo-Nomades-Grenat-vector2-bleu.png?resize=574%2C600&amp;ssl=1 574w, https:\/\/i0.wp.com\/www.nomadsfestival.org\/wp-content\/uploads\/2021\/04\/Logo-Nomades-Grenat-vector2-bleu.png?w=2000&amp;ssl=1 2000w\" alt=\"\" width=\"500\" height=\"523\" data-attachment-id=\"4607\" data-permalink=\"https:\/\/www.nomadsfestival.org\/logo-nomades-grenat-vector2-bleu\/\" data-orig-file=\"https:\/\/i0.wp.com\/www.nomadsfestival.org\/wp-content\/uploads\/2021\/04\/Logo-Nomades-Grenat-vector2-bleu.png?fit=2407%2C2515&amp;ssl=1\" data-orig-size=\"2407,2515\" data-comments-opened=\"1\" data-image-meta=\"{&quot;aperture&quot;:&quot;0&quot;,&quot;credit&quot;:&quot;&quot;,&quot;camera&quot;:&quot;&quot;,&quot;caption&quot;:&quot;&quot;,&quot;created_timestamp&quot;:&quot;0&quot;,&quot;copyright&quot;:&quot;&quot;,&quot;focal_length&quot;:&quot;0&quot;,&quot;iso&quot;:&quot;0&quot;,&quot;shutter_speed&quot;:&quot;0&quot;,&quot;title&quot;:&quot;&quot;,&quot;orientation&quot;:&quot;0&quot;}\" data-image-title=\"Logo Nomades Grenat vector2 bleu\" data-image-description=\"\" data-image-caption=\"\" data-medium-file=\"https:\/\/i0.wp.com\/www.nomadsfestival.org\/wp-content\/uploads\/2021\/04\/Logo-Nomades-Grenat-vector2-bleu.png?fit=287%2C300&amp;ssl=1\" data-large-file=\"https:\/\/i0.wp.com\/www.nomadsfestival.org\/wp-content\/uploads\/2021\/04\/Logo-Nomades-Grenat-vector2-bleu.png?fit=574%2C600&amp;ssl=1\" data-lazy-loaded=\"1\" \/><\/a><\/p>\n<p>Wer n\u00e4heres zum Festival erfahren will kommt \u00fcber den obigen link auf die Festivalseite.<\/p>\n","protected":false},"excerpt":{"rendered":"<p>Nachdem im Jahr 2020 bei unserer letzten Marokkoreise das Festival wegen Corona ausfallen mu\u00dfte wollen wir es dieses Jahr noch einmal versuchen&#8230; Wer n\u00e4heres zum Festival erfahren will kommt \u00fcber den obigen link auf die Festivalseite.<\/p>\n","protected":false},"author":2,"featured_media":0,"parent":0,"menu_order":0,"comment_status":"closed","ping_status":"closed","template":"","meta":{"pgc_sgb_lightbox_settings":"","footnotes":""},"class_list":["post-2","page","type-page","status-publish","hentry"],"_links":{"self":[{"href":"https:\/\/merlin.yfx.de\/marokko2025\/wp-json\/wp\/v2\/pages\/2","targetHints":{"allow":["GET"]}}],"collection":[{"href":"https:\/\/merlin.yfx.de\/marokko2025\/wp-json\/wp\/v2\/pages"}],"about":[{"href":"https:\/\/merlin.yfx.de\/marokko2025\/wp-json\/wp\/v2\/types\/page"}],"author":[{"embeddable":true,"href":"https:\/\/merlin.yfx.de\/marokko2025\/wp-json\/wp\/v2\/users\/2"}],"replies":[{"embeddable":true,"href":"https:\/\/merlin.yfx.de\/marokko2025\/wp-json\/wp\/v2\/comments?post=2"}],"version-history":[{"count":6,"href":"https:\/\/merlin.yfx.de\/marokko2025\/wp-json\/wp\/v2\/pages\/2\/revisions"}],"predecessor-version":[{"id":39,"href":"https:\/\/merlin.yfx.de\/marokko2025\/wp-json\/wp\/v2\/pages\/2\/revisions\/39"}],"wp:attachment":[{"href":"https:\/\/merlin.yfx.de\/marokko2025\/wp-json\/wp\/v2\/media?parent=2"}],"curies":[{"name":"wp","href":"https:\/\/api.w.org\/{rel}","templated":true}]}}