{"id":5,"date":"2023-02-07T11:36:13","date_gmt":"2023-02-07T10:36:13","guid":{"rendered":"https:\/\/merlin.yfx.de\/spanien2023\/?page_id=5"},"modified":"2023-02-07T20:01:29","modified_gmt":"2023-02-07T19:01:29","slug":"spanien-fruehling-2023","status":"publish","type":"page","link":"https:\/\/merlin.yfx.de\/spanien2023\/","title":{"rendered":"Spanien Fr\u00fchling 2023"},"content":{"rendered":"<p>Nach 2 Jahren Corona Zwangspause zieht es uns dieses Fr\u00fchjahr wieder in den S\u00fcden!<\/p>\n<p>Vieles hat sich ver\u00e4ndert, und wir m\u00fcssen uns daran gew\u00f6hnen ohne unseren treuen Reisebegleiter unterwegs zu sein. Deshalb haben wir unsere Fahrr\u00e4der eingepackt und wollen auf 2 R\u00e4dern St\u00e4dte und Landschaften etwas mobiler erkunden.<\/p>\n","protected":false},"excerpt":{"rendered":"<p>Nach 2 Jahren Corona Zwangspause zieht es uns dieses Fr\u00fchjahr wieder in den S\u00fcden! Vieles hat sich ver\u00e4ndert, und wir m\u00fcssen uns daran gew\u00f6hnen ohne unseren treuen Reisebegleiter unterwegs zu sein. Deshalb haben wir unsere Fahrr\u00e4der eingepackt und wollen auf 2 R\u00e4dern St\u00e4dte und Landschaften etwas mobiler erkunden.<\/p>\n","protected":false},"author":2,"featured_media":0,"parent":0,"menu_order":0,"comment_status":"closed","ping_status":"closed","template":"","meta":{"pgc_sgb_lightbox_settings":"","footnotes":""},"class_list":["post-5","page","type-page","status-publish","hentry"],"_links":{"self":[{"href":"https:\/\/merlin.yfx.de\/spanien2023\/wp-json\/wp\/v2\/pages\/5","targetHints":{"allow":["GET"]}}],"collection":[{"href":"https:\/\/merlin.yfx.de\/spanien2023\/wp-json\/wp\/v2\/pages"}],"about":[{"href":"https:\/\/merlin.yfx.de\/spanien2023\/wp-json\/wp\/v2\/types\/page"}],"author":[{"embeddable":true,"href":"https:\/\/merlin.yfx.de\/spanien2023\/wp-json\/wp\/v2\/users\/2"}],"replies":[{"embeddable":true,"href":"https:\/\/merlin.yfx.de\/spanien2023\/wp-json\/wp\/v2\/comments?post=5"}],"version-history":[{"count":2,"href":"https:\/\/merlin.yfx.de\/spanien2023\/wp-json\/wp\/v2\/pages\/5\/revisions"}],"predecessor-version":[{"id":28,"href":"https:\/\/merlin.yfx.de\/spanien2023\/wp-json\/wp\/v2\/pages\/5\/revisions\/28"}],"wp:attachment":[{"href":"https:\/\/merlin.yfx.de\/spanien2023\/wp-json\/wp\/v2\/media?parent=5"}],"curies":[{"name":"wp","href":"https:\/\/api.w.org\/{rel}","templated":true}]}}